{"id":28973,"date":"2025-03-27T10:37:32","date_gmt":"2025-03-27T09:37:32","guid":{"rendered":"https:\/\/longtimelabel.com\/durability\/"},"modified":"2025-03-27T10:37:48","modified_gmt":"2025-03-27T09:37:48","slug":"durability","status":"publish","type":"page","link":"https:\/\/longtimelabel.com\/en\/durability\/","title":{"rendered":"Durability"},"content":{"rendered":"<p>[et_pb_section fb_built=\u201d1\u2033 custom_padding_last_edited=\u201don|desktop\u201d admin_label=\u201dqu\u2019est ce que LT ?\u201d _builder_version=\u201d4.16\u2033 background_color=\u201drgba(0,0,0,0.46)\u201d use_background_color_gradient=\u201don\u201d background_color_gradient_direction=\u201d177deg\u201d background_color_gradient_stops=\u201drgba(0,0,0,0.29) 0%|rgba(0,0,0,0.86) 100%\u201d background_color_gradient_start=\u201drgba(0,0,0,0.29)\u201d background_color_gradient_end=\u201drgba(0,0,0,0.86)\u201d background_image=\u201dhttps:\/\/longtimelabel.com\/wp-content\/uploads\/2020\/11\/clocks-scaled.jpg\u201d background_blend=\u201dcolor\u201d custom_padding=\u201d90px|0px|100px|0px|false|false\u201d custom_padding_tablet=\u201d30px||\u201d custom_padding_phone=\u201d61px|0px|69px|0px|false|false\u201d animation_style=\u201dzoom\u201d animation_duration=\u201d700ms\u201d animation_intensity_zoom=\u201d4%\u201d da_disable_devices=\u201doff|off|off\u201d global_colors_info=\u201d{}\u201d da_is_popup=\u201doff\u201d da_exit_intent=\u201doff\u201d da_has_close=\u201don\u201d da_alt_close=\u201doff\u201d da_dark_close=\u201doff\u201d da_not_modal=\u201don\u201d da_is_singular=\u201doff\u201d da_with_loader=\u201doff\u201d da_has_shadow=\u201don\u201d][et_pb_row admin_label=\u201dService Section Title\u201d _builder_version=\u201d4.16\u2033 custom_margin=\u201d|auto|-26px|auto||\u201d custom_padding=\u201d|||0px||\u201d animation_direction=\u201dtop\u201d saved_tabs=\u201dall\u201d global_colors_info=\u201d{}\u201d][et_pb_column type=\u201d4_4\u2033 _builder_version=\u201d4.16\u2033 custom_padding=\u201d|||\u201d global_colors_info=\u201d{}\u201d custom_padding__hover=\u201d|||\u201d][et_pb_text admin_label=\u201dTitle\u201d _builder_version=\u201d4.16\u2033 text_font=\u201d||||||||\u201d header_font=\u201dMontserrat|700||on|||||\u201d header_text_color=\u201d#f7f7f7\u2033 header_font_size=\u201d50px\u201d header_letter_spacing=\u201d2px\u201d header_line_height=\u201d1.2em\u201d custom_margin=\u201d|0px|22px|||\u201d custom_padding_tablet=\u201d\u201d custom_padding_phone=\u201d\u201d custom_padding_last_edited=\u201don|phone\u201d animation_style=\u201dslide\u201d animation_direction=\u201dtop\u201d animation_duration=\u201d700ms\u201d animation_delay=\u201d200ms\u201d animation_intensity_slide=\u201d20%\u201d text_font_size_tablet=\u201d\u201d text_font_size_phone=\u201d14px\u201d text_font_size_last_edited=\u201don|desktop\u201d header_font_size_tablet=\u201d\u201d header_font_size_phone=\u201d27px\u201d header_font_size_last_edited=\u201don|desktop\u201d header_text_shadow_style=\u201dpreset1\u2033 global_colors_info=\u201d{}\u201d]<\/p>\n<h1 style=\"text-align: left;\">assessing <span style=\"color: #5cc4e7;\">durability<\/span> <\/h1>\n<p>[\/et_pb_text][et_pb_text admin_label=\u201dSubtitle\u201d _builder_version=\u201d4.17.4\u2033 text_font=\u201dMontserrat|500|||||||\u201d text_text_color=\u201d#ffffff\u201d text_letter_spacing=\u201d2px\u201d text_line_height=\u201d1.3em\u201d header_font=\u201d||||||||\u201d header_2_font=\u201dMontserrat||||||||\u201d header_2_text_color=\u201d#ffffff\u201d header_2_font_size=\u201d22px\u201d header_2_line_height=\u201d1.4em\u201d custom_padding=\u201d|3px||||\u201d animation_style=\u201dslide\u201d animation_direction=\u201dbottom\u201d animation_duration=\u201d700ms\u201d animation_delay=\u201d300ms\u201d animation_intensity_slide=\u201d20%\u201d text_font_size_tablet=\u201d\u201d text_font_size_phone=\u201d16px\u201d text_font_size_last_edited=\u201don|desktop\u201d header_2_font_size_tablet=\u201d\u201d header_2_font_size_phone=\u201d18px\u201d header_2_font_size_last_edited=\u201don|desktop\u201d global_colors_info=\u201d{}\u201d]<\/p>\n<h2><b>How do you assess the durability of your products? What role does durability play in your organisation?  <\/b><b>What is durability? To clarify these concepts, here are some answers.  <\/b><\/h2>\n<p>[\/et_pb_text][\/et_pb_column][\/et_pb_row][\/et_pb_section][et_pb_section fb_built=\u201d1\u2033 _builder_version=\u201d4.16\u2033 _module_preset=\u201ddefault\u201d da_disable_devices=\u201doff|off|off\u201d global_colors_info=\u201d{}\u201d da_is_popup=\u201doff\u201d da_exit_intent=\u201doff\u201d da_has_close=\u201don\u201d da_alt_close=\u201doff\u201d da_dark_close=\u201doff\u201d da_not_modal=\u201don\u201d da_is_singular=\u201doff\u201d da_with_loader=\u201doff\u201d da_has_shadow=\u201don\u201d][et_pb_row _builder_version=\u201d4.16\u2033 _module_preset=\u201ddefault\u201d global_colors_info=\u201d{}\u201d][et_pb_column type=\u201d4_4\u2033 _builder_version=\u201d4.16\u2033 _module_preset=\u201ddefault\u201d global_colors_info=\u201d{}\u201d][et_pb_button button_url=\u201dhttps:\/\/longtime.ethikis.com\/fr_FR\/survey\/start\/diagnostic-durabilite-v2-180\u2033 url_new_window=\u201don\u201d button_text=\u201dEvaluate the role of durability in your organisation \u2013 Self-diagnosis\u201d button_alignment=\u201dcenter\u201d _builder_version=\u201d4.17.4\u2033 _module_preset=\u201ddefault\u201d custom_button=\u201don\u201d button_text_color=\u201d#FFFFFF\u201d button_bg_color=\u201d#5CC4E7\u2033 button_icon=\u201d\ue035||divi||400\u2033 button_on_hover=\u201doff\u201d hover_enabled=\u201d0\u2033 global_colors_info=\u201d{}\u201d sticky_enabled=\u201d0\u2033][\/et_pb_button][et_pb_text _builder_version=\u201d4.16\u2033 _module_preset=\u201ddefault\u201d global_colors_info=\u201d{}\u201d]<\/p>\n<blockquote>\n<p>Durability is a system that makes <strong>growth and economic development compatible with ecological transition<\/strong>. The challenge is to protect our ecosystem by preserving the earth and its natural environment. Ultimately, our management of resources, our consumption of electricity and our use of manufactured products must become more reasonable and more responsible. <\/p>\n<p>We regularly see the impact of a linear production model and its limits in terms of pollution and carbon emissions. For the generations to come, <strong>the objectives are clear: to anchor ourselves in a policy of durability and pivot towards the circular economy<\/strong>. Consumer society as a whole \u2013 citizens, politicians, businesses, manufacturers \u2013 must make commitments and take action to strike a balance between our need to produce and our ability to make our world durable. <strong>There are many solutions<\/strong>, to give just a few examples: renewable energies, regulatory measures (reparability index), investment criteria with an ecological index, quality labels, environmental rating processes, systems for improving the lifespan of products (repairs, spare parts), etc.  <\/p>\n<\/blockquote>\n<p>[\/et_pb_text][\/et_pb_column][\/et_pb_row][\/et_pb_section][et_pb_section fb_built=\u201d1\u2033 _builder_version=\u201d4.16\u2033 _module_preset=\u201ddefault\u201d background_color=\u201d#F2F2F2\u2033 da_disable_devices=\u201doff|off|off\u201d global_colors_info=\u201d{}\u201d da_is_popup=\u201doff\u201d da_exit_intent=\u201doff\u201d da_has_close=\u201don\u201d da_alt_close=\u201doff\u201d da_dark_close=\u201doff\u201d da_not_modal=\u201don\u201d da_is_singular=\u201doff\u201d da_with_loader=\u201doff\u201d da_has_shadow=\u201don\u201d][et_pb_row _builder_version=\u201d4.16\u2033 _module_preset=\u201ddefault\u201d global_colors_info=\u201d{}\u201d][et_pb_column type=\u201d4_4\u2033 _builder_version=\u201d4.16\u2033 _module_preset=\u201ddefault\u201d global_colors_info=\u201d{}\u201d][et_pb_text _builder_version=\u201d4.16\u2033 _module_preset=\u201ddefault\u201d global_colors_info=\u201d{}\u201d]<\/p>\n<h2><strong>What is the durability of an object?<\/strong><\/h2>\n<p>[\/et_pb_text][et_pb_text _builder_version=\u201d4.16\u2033 _module_preset=\u201ddefault\u201d global_colors_info=\u201d{}\u201d]<\/p>\n<p>The durability of an object or product is characterised by its <strong>ability to function<\/strong> as intended and under defined conditions of use, maintenance and repair, <strong>until the maximum service life of the product is reached<\/strong>.<\/p>\n<p>In detail, durability can only be understood and assessed by respecting a few obvious principles. Compliance with the product\u2019s intended conditions of use and maintenance is essential, and failure to do so will have a huge impact on the product\u2019s durability. For example, if you use a watch that is not waterproof for swimming in the ocean, the watch\u2019s lifespan will be severely limited.  <\/p>\n<p>[\/et_pb_text][\/et_pb_column][\/et_pb_row][\/et_pb_section][et_pb_section fb_built=\u201d1\u2033 _builder_version=\u201d4.16\u2033 _module_preset=\u201ddefault\u201d da_disable_devices=\u201doff|off|off\u201d global_colors_info=\u201d{}\u201d da_is_popup=\u201doff\u201d da_exit_intent=\u201doff\u201d da_has_close=\u201don\u201d da_alt_close=\u201doff\u201d da_dark_close=\u201doff\u201d da_not_modal=\u201don\u201d da_is_singular=\u201doff\u201d da_with_loader=\u201doff\u201d da_has_shadow=\u201don\u201d][et_pb_row column_structure=\u201d1_3,2_3\u2033 _builder_version=\u201d4.16\u2033 _module_preset=\u201ddefault\u201d global_colors_info=\u201d{}\u201d][et_pb_column type=\u201d1_3\u2033 _builder_version=\u201d4.16\u2033 _module_preset=\u201ddefault\u201d global_colors_info=\u201d{}\u201d][et_pb_image src=\u201dhttps:\/\/longtimelabel.com\/wp-content\/uploads\/2021\/09\/challenge.jpg\u201d title_text=\u201dchallenge\u201d _builder_version=\u201d4.16\u2033 _module_preset=\u201ddefault\u201d global_colors_info=\u201d{}\u201d][\/et_pb_image][\/et_pb_column][et_pb_column type=\u201d2_3\u2033 _builder_version=\u201d4.16\u2033 _module_preset=\u201ddefault\u201d global_colors_info=\u201d{}\u201d][et_pb_text _builder_version=\u201d4.16\u2033 _module_preset=\u201ddefault\u201d global_colors_info=\u201d{}\u201d]<\/p>\n<h2><strong>What are the challenges of durability?<\/strong><\/h2>\n<p>[\/et_pb_text][et_pb_text _builder_version=\u201d4.16\u2033 _module_preset=\u201ddefault\u201d global_colors_info=\u201d{}\u201d]<\/p>\n<p>The challenges of durability are ecological, economic and social.<\/p>\n<p>Ecological in the rational use of extracted resources and processed materials, but also in the reduction of premature waste and its impact on the planet.<\/p>\n<p>Economic and social: durability contributes to the circular economy and the creation of sectors and jobs with low relocation costs and high environmental value.<\/p>\n<p>[\/et_pb_text][\/et_pb_column][\/et_pb_row][\/et_pb_section][et_pb_section fb_built=\u201d1\u2033 _builder_version=\u201d4.16\u2033 _module_preset=\u201ddefault\u201d da_disable_devices=\u201doff|off|off\u201d global_colors_info=\u201d{}\u201d da_is_popup=\u201doff\u201d da_exit_intent=\u201doff\u201d da_has_close=\u201don\u201d da_alt_close=\u201doff\u201d da_dark_close=\u201doff\u201d da_not_modal=\u201don\u201d da_is_singular=\u201doff\u201d da_with_loader=\u201doff\u201d da_has_shadow=\u201don\u201d][et_pb_row _builder_version=\u201d4.16\u2033 _module_preset=\u201ddefault\u201d global_colors_info=\u201d{}\u201d][et_pb_column type=\u201d4_4\u2033 _builder_version=\u201d4.16\u2033 _module_preset=\u201ddefault\u201d global_colors_info=\u201d{}\u201d][et_pb_text _builder_version=\u201d4.16\u2033 _module_preset=\u201ddefault\u201d global_colors_info=\u201d{}\u201d]<\/p>\n<h2><strong>What are the main pillars of durability?<\/strong><\/h2>\n<p>[\/et_pb_text][et_pb_text _builder_version=\u201d4.16\u2033 _module_preset=\u201ddefault\u201d global_colors_info=\u201d{}\u201d]<\/p>\n<p>The major components of durability are reliability, reparability and technical support. These are the 3 pillars of the LONGTIME\u00ae label specifications. <\/p>\n<p>A failure in one of these pillars can severely shorten the lifespan of the product in question.<\/p>\n<p>Any doubts? Here are a few examples: <\/p>\n<ul>\n<li>You buy a hoover with a reputation for robustness, but the brand either doesn\u2019t sell any spare parts or sells them at prohibitive prices. The first time it breaks down and you need to buy a part, the product will be consigned to the bin.Vous achetez un aspirateur r\u00e9put\u00e9 pour sa robustesse, mais la marque ne vend aucune pi\u00e8ce d\u00e9tach\u00e9e ou \u00e0 des prix prohibitifs. \u00c0 la premi\u00e8re panne n\u00e9cessitant l\u2019achat d\u2019une pi\u00e8ce, le produit sera bon pour la poubelle. <\/li>\n<li>You buy a high-pressure cleaner from a brand renowned for the repairability of its products. Problem is, the reliability isn\u2019t up to scratch and the product keeps breaking down. Chances are that after the 3rd or 4th breakdown you\u2019ll want to replace your product.  <\/li>\n<li>Finally, you\u2019re buying a reliable steam generator that can be repaired using readily available spare parts. The problem is that the instructions for use and maintenance are poorly defined, and the manufacturer provides no technical support for its repair network. This lack of information will also affect the lifespan of your product.  <\/li>\n<\/ul>\n<p>[\/et_pb_text][\/et_pb_column][\/et_pb_row][\/et_pb_section][et_pb_section fb_built=\u201d1\u2033 _builder_version=\u201d4.16\u2033 _module_preset=\u201ddefault\u201d da_disable_devices=\u201doff|off|off\u201d global_colors_info=\u201d{}\u201d da_is_popup=\u201doff\u201d da_exit_intent=\u201doff\u201d da_has_close=\u201don\u201d da_alt_close=\u201doff\u201d da_dark_close=\u201doff\u201d da_not_modal=\u201don\u201d da_is_singular=\u201doff\u201d da_with_loader=\u201doff\u201d da_has_shadow=\u201don\u201d][et_pb_row _builder_version=\u201d4.16\u2033 _module_preset=\u201ddefault\u201d global_colors_info=\u201d{}\u201d][et_pb_column type=\u201d4_4\u2033 _builder_version=\u201d4.16\u2033 _module_preset=\u201ddefault\u201d global_colors_info=\u201d{}\u201d][et_pb_text _builder_version=\u201d4.16\u2033 _module_preset=\u201ddefault\u201d global_colors_info=\u201d{}\u201d]<\/p>\n<h2><strong>How do you assess durability?<\/strong><\/h2>\n<p>[\/et_pb_text][et_pb_image src=\u201dhttps:\/\/longtimelabel.com\/wp-content\/uploads\/2021\/09\/e\u0301valuation.jpg\u201d title_text=\u201de\u0301valuation\u201d _builder_version=\u201d4.16\u2033 _module_preset=\u201ddefault\u201d global_colors_info=\u201d{}\u201d][\/et_pb_image][et_pb_text _builder_version=\u201d4.16\u2033 _module_preset=\u201ddefault\u201d global_colors_info=\u201d{}\u201d]<\/p>\n<p>Assessing durability in the sense of lifespan is complex. The durability of a product can be estimated, measured and quantified using various tools. There are methods for assessing and analysing all the parameters that can influence product lifespan. These general methods generally use tools linked to design and quality, such as functional analysis, fault tree analysis, stress analysis, reliability analysis and durability analysis. These tools are rounded out by a range of tests based on these methods.    <\/p>\n<p>At the same time, durability can be monitored and assessed over the entire lifespan of a product and the entire existence of the company that manufactures it. Numerous indicators can be used to track a product\u2019s durability at each stage of its life cycle. <\/p>\n<p>[\/et_pb_text][\/et_pb_column][\/et_pb_row][et_pb_row _builder_version=\u201d4.16\u2033 _module_preset=\u201ddefault\u201d custom_margin=\u201d0px||||false|false\u201d animation_style=\u201dfade\u201d animation_duration=\u201d700ms\u201d animation_delay=\u201d600ms\u201d global_colors_info=\u201d{}\u201d][et_pb_column type=\u201d4_4\u2033 _builder_version=\u201d4.16\u2033 _module_preset=\u201ddefault\u201d global_colors_info=\u201d{}\u201d][et_pb_button button_url=\u201dhttps:\/\/longtime.ethikis.com\/fr_FR\/survey\/start\/auto-diagnostic-durabilite-133\u2033 url_new_window=\u201don\u201d button_text=\u201dPerforming the LONGTIME\u00ae self-diagnosis\u201d button_alignment=\u201dcenter\u201d button_alignment_tablet=\u201d\u201d button_alignment_phone=\u201dcenter\u201d button_alignment_last_edited=\u201don|desktop\u201d _builder_version=\u201d4.17.4\u2033 custom_button=\u201don\u201d button_text_size=\u201d19px\u201d button_text_color=\u201d#ffffff\u201d button_bg_color=\u201d#009541\u2033 button_border_width=\u201d0px\u201d button_border_color=\u201d#5cc4e7\u2033 button_border_radius=\u201d0px\u201d button_letter_spacing=\u201d1px\u201d button_font=\u201dMontserrat|600||on|||||\u201d button_use_icon=\u201doff\u201d custom_margin=\u201d|-72px|||false|false\u201d custom_margin_tablet=\u201d|7px||7px|false|true\u201d custom_margin_phone=\u201d\u201d custom_margin_last_edited=\u201don|phone\u201d custom_padding=\u201d15px|20px|15px|20px|true|true\u201d custom_padding_tablet=\u201d|25px||25px|true|true\u201d custom_padding_phone=\u201d|10px||10px||true\u201d custom_padding_last_edited=\u201don|tablet\u201d animation_style=\u201dfade\u201d animation_duration=\u201d700ms\u201d button_text_size_tablet=\u201d17px\u201d button_text_size_phone=\u201d\u201d button_text_size_last_edited=\u201don|phone\u201d locked=\u201doff\u201d global_colors_info=\u201d{}\u201d button_text_size__hover_enabled=\u201doff\u201d button_text_color__hover=\u201d#ffffff\u201d button_text_color__hover_enabled=\u201don\u201d button_bg_color__hover=\u201d#5cc4e7\u2033 button_bg_color__hover_enabled=\u201don\u201d button_border_width__hover_enabled=\u201doff\u201d button_border_color__hover=\u201d#5cc4e7\u2033 button_border_color__hover_enabled=\u201don\u201d button_border_radius__hover_enabled=\u201doff\u201d button_letter_spacing__hover=\u201d1px\u201d button_letter_spacing__hover_enabled=\u201don\u201d button_bg_enable_color__hover=\u201don\u201d][\/et_pb_button][\/et_pb_column][\/et_pb_row][\/et_pb_section]<\/p>\n\n\n<span class=\"et_bloom_bottom_trigger\"><\/span>","protected":false},"excerpt":{"rendered":"<p>assessing durability How do you assess the durability of your products? What role does durability play in your organisation? What is durability? To clarify these concepts, here are some answers. Durability is a system that makes growth and economic development compatible with ecological transition. The challenge is to protect our ecosystem by preserving the earth [&hellip;]<\/p>\n","protected":false},"author":17,"featured_media":0,"parent":0,"menu_order":0,"comment_status":"closed","ping_status":"closed","template":"","meta":{"_acf_changed":false,"_et_pb_use_builder":"on","_et_pb_old_content":"","_et_gb_content_width":"","footnotes":""},"class_list":["post-28973","page","type-page","status-publish","hentry"],"acf":[],"yoast_head":"<title>Durability - Le label qualit\u00e9 Longtime est l\u2019indicateur de r\u00e9f\u00e9rence pour consommer durable<\/title>\n<meta name=\"robots\" content=\"index, follow, max-snippet:-1, max-image-preview:large, max-video-preview:-1\" \/>\n<link rel=\"canonical\" href=\"https:\/\/longtimelabel.com\/en\/durability\/\" \/>\n<meta property=\"og:locale\" content=\"en_US\" \/>\n<meta property=\"og:type\" content=\"article\" \/>\n<meta property=\"og:title\" content=\"Durability - Le label qualit\u00e9 Longtime est l\u2019indicateur de r\u00e9f\u00e9rence pour consommer durable\" \/>\n<meta property=\"og:description\" content=\"assessing durability How do you assess the durability of your products? What role does durability play in your organisation? What is durability? To clarify these concepts, here are some answers. Durability is a system that makes growth and economic development compatible with ecological transition. The challenge is to protect our ecosystem by preserving the earth [&hellip;]\" \/>\n<meta property=\"og:site_name\" content=\"Le label qualit\u00e9 Longtime est l\u2019indicateur de r\u00e9f\u00e9rence pour consommer durable\" \/>\n<meta property=\"article:publisher\" content=\"https:\/\/www.facebook.com\/LongtimeEthikis\" \/>\n<meta property=\"article:modified_time\" content=\"2025-03-27T09:37:48+00:00\" \/>\n<meta name=\"twitter:card\" content=\"summary_large_image\" \/>\n<meta name=\"twitter:site\" content=\"@label_longtime\" \/>\n<meta name=\"twitter:label1\" content=\"Est. reading time\" \/>\n\t<meta name=\"twitter:data1\" content=\"10 minutes\" \/>\n<script type=\"application\/ld+json\" class=\"yoast-schema-graph\">{\"@context\":\"https:\\\/\\\/schema.org\",\"@graph\":[{\"@type\":\"WebPage\",\"@id\":\"https:\\\/\\\/longtimelabel.com\\\/en\\\/durability\\\/\",\"url\":\"https:\\\/\\\/longtimelabel.com\\\/en\\\/durability\\\/\",\"name\":\"Durability - Le label qualit\u00e9 Longtime est l\u2019indicateur de r\u00e9f\u00e9rence pour consommer durable\",\"isPartOf\":{\"@id\":\"https:\\\/\\\/longtimelabel.com\\\/en\\\/#website\"},\"datePublished\":\"2025-03-27T09:37:32+00:00\",\"dateModified\":\"2025-03-27T09:37:48+00:00\",\"breadcrumb\":{\"@id\":\"https:\\\/\\\/longtimelabel.com\\\/en\\\/durability\\\/#breadcrumb\"},\"inLanguage\":\"en-US\",\"potentialAction\":[{\"@type\":\"ReadAction\",\"target\":[\"https:\\\/\\\/longtimelabel.com\\\/en\\\/durability\\\/\"]}]},{\"@type\":\"BreadcrumbList\",\"@id\":\"https:\\\/\\\/longtimelabel.com\\\/en\\\/durability\\\/#breadcrumb\",\"itemListElement\":[{\"@type\":\"ListItem\",\"position\":1,\"name\":\"Accueil\",\"item\":\"https:\\\/\\\/longtimelabel.com\\\/en\\\/longtime-the-label-for-products-designed-to-last\\\/\"},{\"@type\":\"ListItem\",\"position\":2,\"name\":\"Durability\"}]},{\"@type\":\"WebSite\",\"@id\":\"https:\\\/\\\/longtimelabel.com\\\/en\\\/#website\",\"url\":\"https:\\\/\\\/longtimelabel.com\\\/en\\\/\",\"name\":\"Label LONGTIME\u00ae\",\"description\":\"\",\"publisher\":{\"@id\":\"https:\\\/\\\/longtimelabel.com\\\/en\\\/#organization\"},\"potentialAction\":[{\"@type\":\"SearchAction\",\"target\":{\"@type\":\"EntryPoint\",\"urlTemplate\":\"https:\\\/\\\/longtimelabel.com\\\/en\\\/?s={search_term_string}\"},\"query-input\":{\"@type\":\"PropertyValueSpecification\",\"valueRequired\":true,\"valueName\":\"search_term_string\"}}],\"inLanguage\":\"en-US\"},{\"@type\":\"Organization\",\"@id\":\"https:\\\/\\\/longtimelabel.com\\\/en\\\/#organization\",\"name\":\"LONGTIME Label\",\"url\":\"https:\\\/\\\/longtimelabel.com\\\/en\\\/\",\"logo\":{\"@type\":\"ImageObject\",\"inLanguage\":\"en-US\",\"@id\":\"https:\\\/\\\/longtimelabel.com\\\/en\\\/#\\\/schema\\\/logo\\\/image\\\/\",\"url\":\"https:\\\/\\\/longtimelabel.com\\\/wp-content\\\/uploads\\\/2023\\\/07\\\/Logo_com_Web_Bleu_RVB_Small.png\",\"contentUrl\":\"https:\\\/\\\/longtimelabel.com\\\/wp-content\\\/uploads\\\/2023\\\/07\\\/Logo_com_Web_Bleu_RVB_Small.png\",\"width\":709,\"height\":1276,\"caption\":\"LONGTIME Label\"},\"image\":{\"@id\":\"https:\\\/\\\/longtimelabel.com\\\/en\\\/#\\\/schema\\\/logo\\\/image\\\/\"},\"sameAs\":[\"https:\\\/\\\/www.facebook.com\\\/LongtimeEthikis\",\"https:\\\/\\\/x.com\\\/label_longtime\",\"https:\\\/\\\/www.linkedin.com\\\/company\\\/longtime-label\\\/\",\"https:\\\/\\\/www.instagram.com\\\/ethikis.civis\\\/\"]}]}<\/script>","yoast_head_json":{"title":"Durability - Le label qualit\u00e9 Longtime est l\u2019indicateur de r\u00e9f\u00e9rence pour consommer durable","robots":{"index":"index","follow":"follow","max-snippet":"max-snippet:-1","max-image-preview":"max-image-preview:large","max-video-preview":"max-video-preview:-1"},"canonical":"https:\/\/longtimelabel.com\/en\/durability\/","og_locale":"en_US","og_type":"article","og_title":"Durability - Le label qualit\u00e9 Longtime est l\u2019indicateur de r\u00e9f\u00e9rence pour consommer durable","og_description":"assessing durability How do you assess the durability of your products? What role does durability play in your organisation? What is durability? To clarify these concepts, here are some answers. Durability is a system that makes growth and economic development compatible with ecological transition. The challenge is to protect our ecosystem by preserving the earth [&hellip;]","og_site_name":"Le label qualit\u00e9 Longtime est l\u2019indicateur de r\u00e9f\u00e9rence pour consommer durable","article_publisher":"https:\/\/www.facebook.com\/LongtimeEthikis","article_modified_time":"2025-03-27T09:37:48+00:00","twitter_card":"summary_large_image","twitter_site":"@label_longtime","twitter_misc":{"Est. reading time":"10 minutes"},"schema":{"@context":"https:\/\/schema.org","@graph":[{"@type":"WebPage","@id":"https:\/\/longtimelabel.com\/en\/durability\/","url":"https:\/\/longtimelabel.com\/en\/durability\/","name":"Durability - Le label qualit\u00e9 Longtime est l\u2019indicateur de r\u00e9f\u00e9rence pour consommer durable","isPartOf":{"@id":"https:\/\/longtimelabel.com\/en\/#website"},"datePublished":"2025-03-27T09:37:32+00:00","dateModified":"2025-03-27T09:37:48+00:00","breadcrumb":{"@id":"https:\/\/longtimelabel.com\/en\/durability\/#breadcrumb"},"inLanguage":"en-US","potentialAction":[{"@type":"ReadAction","target":["https:\/\/longtimelabel.com\/en\/durability\/"]}]},{"@type":"BreadcrumbList","@id":"https:\/\/longtimelabel.com\/en\/durability\/#breadcrumb","itemListElement":[{"@type":"ListItem","position":1,"name":"Accueil","item":"https:\/\/longtimelabel.com\/en\/longtime-the-label-for-products-designed-to-last\/"},{"@type":"ListItem","position":2,"name":"Durability"}]},{"@type":"WebSite","@id":"https:\/\/longtimelabel.com\/en\/#website","url":"https:\/\/longtimelabel.com\/en\/","name":"Label LONGTIME\u00ae","description":"","publisher":{"@id":"https:\/\/longtimelabel.com\/en\/#organization"},"potentialAction":[{"@type":"SearchAction","target":{"@type":"EntryPoint","urlTemplate":"https:\/\/longtimelabel.com\/en\/?s={search_term_string}"},"query-input":{"@type":"PropertyValueSpecification","valueRequired":true,"valueName":"search_term_string"}}],"inLanguage":"en-US"},{"@type":"Organization","@id":"https:\/\/longtimelabel.com\/en\/#organization","name":"LONGTIME Label","url":"https:\/\/longtimelabel.com\/en\/","logo":{"@type":"ImageObject","inLanguage":"en-US","@id":"https:\/\/longtimelabel.com\/en\/#\/schema\/logo\/image\/","url":"https:\/\/longtimelabel.com\/wp-content\/uploads\/2023\/07\/Logo_com_Web_Bleu_RVB_Small.png","contentUrl":"https:\/\/longtimelabel.com\/wp-content\/uploads\/2023\/07\/Logo_com_Web_Bleu_RVB_Small.png","width":709,"height":1276,"caption":"LONGTIME Label"},"image":{"@id":"https:\/\/longtimelabel.com\/en\/#\/schema\/logo\/image\/"},"sameAs":["https:\/\/www.facebook.com\/LongtimeEthikis","https:\/\/x.com\/label_longtime","https:\/\/www.linkedin.com\/company\/longtime-label\/","https:\/\/www.instagram.com\/ethikis.civis\/"]}]}},"_links":{"self":[{"href":"https:\/\/longtimelabel.com\/en\/wp-json\/wp\/v2\/pages\/28973","targetHints":{"allow":["GET"]}}],"collection":[{"href":"https:\/\/longtimelabel.com\/en\/wp-json\/wp\/v2\/pages"}],"about":[{"href":"https:\/\/longtimelabel.com\/en\/wp-json\/wp\/v2\/types\/page"}],"author":[{"embeddable":true,"href":"https:\/\/longtimelabel.com\/en\/wp-json\/wp\/v2\/users\/17"}],"replies":[{"embeddable":true,"href":"https:\/\/longtimelabel.com\/en\/wp-json\/wp\/v2\/comments?post=28973"}],"version-history":[{"count":0,"href":"https:\/\/longtimelabel.com\/en\/wp-json\/wp\/v2\/pages\/28973\/revisions"}],"wp:attachment":[{"href":"https:\/\/longtimelabel.com\/en\/wp-json\/wp\/v2\/media?parent=28973"}],"curies":[{"name":"wp","href":"https:\/\/api.w.org\/{rel}","templated":true}]}}