{"id":30026,"date":"2025-04-14T14:36:33","date_gmt":"2025-04-14T12:36:33","guid":{"rendered":"https:\/\/longtimelabel.com\/join-longtime-form\/"},"modified":"2025-04-14T14:36:39","modified_gmt":"2025-04-14T12:36:39","slug":"join-longtime-form","status":"publish","type":"page","link":"https:\/\/longtimelabel.com\/en\/join-longtime-form\/","title":{"rendered":"Join LONGTIME\u00ae form"},"content":{"rendered":"<p>[et_pb_section fb_built=\u201d1\u2033 _builder_version=\u201d4.16\u2033 global_colors_info=\u201d{}\u201d][et_pb_row _builder_version=\u201d4.16\u2033 background_size=\u201dinitial\u201d background_position=\u201dtop_left\u201d background_repeat=\u201drepeat\u201d global_colors_info=\u201d{}\u201d][et_pb_column type=\u201d4_4\u2033 _builder_version=\u201d4.16\u2033 custom_padding=\u201d|||\u201d global_colors_info=\u201d{}\u201d custom_padding__hover=\u201d|||\u201d][et_pb_text _builder_version=\u201d4.21.0\u2033 _module_preset=\u201ddefault\u201d text_font_size=\u201d22px\u201d text_orientation=\u201dcenter\u201d global_colors_info=\u201d{}\u201d]Join our Ethikis Ad Civis and <span style=\"color: #5cc4e7;\">LONGTIME\u00ae<\/span> label teams.[\/et_pb_text][et_pb_text _builder_version=\u201d4.21.0\u2033 background_size=\u201dinitial\u201d background_position=\u201dtop_left\u201d background_repeat=\u201drepeat\u201d global_colors_info=\u201d{}\u201d]<div class=\"forminator-ui forminator-custom-form forminator-custom-form-19977 forminator-design--material  forminator_ajax\" data-forminator-render=\"0\" data-form=\"forminator-module-19977\" data-uid=\"69fe0cd3dbe9a\"><br\/><\/div><form\n\t\t\t\tid=\"forminator-module-19977\"\n\t\t\t\tclass=\"forminator-ui forminator-custom-form forminator-custom-form-19977 forminator-design--material  forminator_ajax\"\n\t\t\t\tmethod=\"post\"\n\t\t\t\tdata-forminator-render=\"0\"\n\t\t\t\tdata-form-id=\"19977\"\n\t\t\t\tenctype=\"multipart\/form-data\" data-color-option=\"default\" data-design=\"material\" data-grid=\"open\" style=\"display: none;\"\n\t\t\t\tdata-uid=\"69fe0cd3dbe9a\"\n\t\t\t><div role=\"alert\" aria-live=\"polite\" class=\"forminator-response-message forminator-error\" aria-hidden=\"true\"><\/div><div class=\"forminator-row\"><div id=\"html-1\" class=\"forminator-field-html forminator-col forminator-col-12 \"><div class=\"forminator-field forminator-merge-tags\" data-field=\"html-1\"><p>Bienvenue sur le formulaire de candidature Ethikis Ad Civis - Label LONGTIME\u00ae. Veuillez compl\u00e9ter ce formulaire, nous vous recontacterons apr\u00e8s \u00e9tude de votre profil. Merci !&nbsp;<\/p><\/div><\/div><\/div><div class=\"forminator-row\"><div id=\"text-1\" class=\"forminator-field-text forminator-col forminator-col-12 \"><div class=\"forminator-field\"><label for=\"forminator-field-text-1_69fe0cd3dbe9a\" id=\"forminator-field-text-1_69fe0cd3dbe9a-label\" class=\"forminator-label\">Nom du poste auquel vous postulez <span class=\"forminator-required\">*<\/span><\/label><input type=\"text\" name=\"text-1\" value=\"\" placeholder=\"Par exemple\u00a0: Quality Manager\" id=\"forminator-field-text-1_69fe0cd3dbe9a\" class=\"forminator-input forminator-name--field\" data-required=\"1\" \/><\/div><\/div><\/div><div class=\"forminator-row\"><div id=\"name-1\" class=\"forminator-field-name forminator-col forminator-col-6 \"><div class=\"forminator-field\"><label for=\"forminator-field-name-1_69fe0cd3dbe9a\" id=\"forminator-field-name-1_69fe0cd3dbe9a-label\" class=\"forminator-label\">Pr\u00e9nom<\/label><input type=\"text\" name=\"name-1\" value=\"\" placeholder=\"Par exemple\u00a0: Jean\" id=\"forminator-field-name-1_69fe0cd3dbe9a\" class=\"forminator-input forminator-name--field\" aria-required=\"false\" autocomplete=\"name\" \/><\/div><\/div><div id=\"name-2\" class=\"forminator-field-name forminator-col forminator-col-6 \"><div class=\"forminator-field\"><label for=\"forminator-field-name-2_69fe0cd3dbe9a\" id=\"forminator-field-name-2_69fe0cd3dbe9a-label\" class=\"forminator-label\">Nom <span class=\"forminator-required\">*<\/span><\/label><input type=\"text\" name=\"name-2\" value=\"\" placeholder=\"Par exemple\u00a0: Jacques Martin\" id=\"forminator-field-name-2_69fe0cd3dbe9a\" class=\"forminator-input forminator-name--field\" aria-required=\"true\" autocomplete=\"name\" \/><\/div><\/div><\/div><div class=\"forminator-row\"><div id=\"email-1\" class=\"forminator-field-email forminator-col forminator-col-6 \"><div class=\"forminator-field\"><label for=\"forminator-field-email-1_69fe0cd3dbe9a\" id=\"forminator-field-email-1_69fe0cd3dbe9a-label\" class=\"forminator-label\">Adresse de messagerie <span class=\"forminator-required\">*<\/span><\/label><input type=\"email\" name=\"email-1\" value=\"\" placeholder=\"Par exemple\u00a0: jacques@martin.com\" id=\"forminator-field-email-1_69fe0cd3dbe9a\" class=\"forminator-input forminator-email--field\" data-required=\"true\" aria-required=\"true\" autocomplete=\"email\" \/><\/div><\/div><div id=\"phone-1\" class=\"forminator-field-phone forminator-col forminator-col-6 \"><div class=\"forminator-field\"><label for=\"forminator-field-phone-1_69fe0cd3dbe9a\" id=\"forminator-field-phone-1_69fe0cd3dbe9a-label\" class=\"forminator-label\">Num\u00e9ro de t\u00e9l\u00e9phone <span class=\"forminator-required\">*<\/span><\/label><input type=\"text\" name=\"phone-1\" value=\"\" placeholder=\"Par exemple\u00a0: +1 02 03 04 05\" id=\"forminator-field-phone-1_69fe0cd3dbe9a\" class=\"forminator-input forminator-field--phone\" data-required=\"1\" aria-required=\"true\" autocomplete=\"off\" \/><\/div><\/div><\/div><div class=\"forminator-row\"><div id=\"upload-1\" class=\"forminator-field-upload forminator-col forminator-col-6 \"><div class=\"forminator-field\"><label for=\"forminator-field-upload-1_69fe0cd3dbe9a\" id=\"forminator-field-upload-1_69fe0cd3dbe9a-label\" class=\"forminator-label\">T\u00e9l\u00e9versez votre CV <span class=\"forminator-required\">*<\/span><\/label><div class=\"forminator-file-upload \" data-element=\"upload-1_69fe0cd3dbe9a\"><input type=\"file\" name=\"upload-1\" id=\"forminator-field-upload-1_69fe0cd3dbe9a\" class=\"forminator-input-file-required do-validate\" accept=\".jpg,.jpeg,.jpe,.gif,.png,.bmp,.tiff,.tif,.webp,.ico,.heic,.asf,.asx,.wmv,.wmx,.wm,.avi,.divx,.flv,.mov,.qt,.mpeg,.mpg,.mpe,.mp4,.m4v,.ogv,.webm,.mkv,.3gp,.3gpp,.3g2,.3gp2,.txt,.asc,.c,.cc,.h,.srt,.csv,.tsv,.ics,.rtx,.vtt,.mp3,.m4a,.m4b,.aac,.ra,.ram,.wav,.ogg,.oga,.flac,.mid,.midi,.wma,.wax,.mka,.rtf,.pdf,.class,.tar,.zip,.gz,.gzip,.7z,.psd,.xcf,.doc,.pot,.pps,.ppt,.wri,.xla,.xls,.xlt,.xlw,.mdb,.mpp,.docx,.docm,.dotx,.dotm,.xlsx,.xlsm,.xlsb,.xltx,.xltm,.xlam,.pptx,.pptm,.ppsx,.ppsm,.potx,.potm,.ppam,.sldx,.sldm,.onetoc,.onetoc2,.onetmp,.onepkg,.oxps,.xps,.odt,.odp,.ods,.odg,.odc,.odb,.odf,.wp,.wpd,.key,.numbers,.pages\" tabindex=\"-1\"><button id=\"forminator-field-upload-1_69fe0cd3dbe9a_button\" class=\"forminator-button forminator-button-upload\" data-id=\"forminator-field-upload-1_69fe0cd3dbe9a\">Choose File<\/button><span data-empty-text=\"No file chosen\">No file chosen<\/span><button class=\"forminator-button-delete\" style=\"display: none;\"><i class=\"forminator-icon-close\" aria-hidden=\"true\"><\/i><span class=\"forminator-screen-reader-only\">Delete uploaded file<\/span><\/button><\/div><\/div><\/div><div id=\"upload-2\" class=\"forminator-field-upload forminator-col forminator-col-6 \"><div class=\"forminator-field\"><label for=\"forminator-field-upload-2_69fe0cd3dbe9a\" id=\"forminator-field-upload-2_69fe0cd3dbe9a-label\" class=\"forminator-label\">T\u00e9l\u00e9versez votre lettre de motivation <span class=\"forminator-required\">*<\/span><\/label><div class=\"forminator-file-upload \" data-element=\"upload-2_69fe0cd3dbe9a\"><input type=\"file\" name=\"upload-2\" id=\"forminator-field-upload-2_69fe0cd3dbe9a\" class=\"forminator-input-file-required do-validate\" accept=\".jpg,.jpeg,.jpe,.gif,.png,.bmp,.tiff,.tif,.webp,.ico,.heic,.asf,.asx,.wmv,.wmx,.wm,.avi,.divx,.flv,.mov,.qt,.mpeg,.mpg,.mpe,.mp4,.m4v,.ogv,.webm,.mkv,.3gp,.3gpp,.3g2,.3gp2,.txt,.asc,.c,.cc,.h,.srt,.csv,.tsv,.ics,.rtx,.vtt,.mp3,.m4a,.m4b,.aac,.ra,.ram,.wav,.ogg,.oga,.flac,.mid,.midi,.wma,.wax,.mka,.rtf,.pdf,.class,.tar,.zip,.gz,.gzip,.7z,.psd,.xcf,.doc,.pot,.pps,.ppt,.wri,.xla,.xls,.xlt,.xlw,.mdb,.mpp,.docx,.docm,.dotx,.dotm,.xlsx,.xlsm,.xlsb,.xltx,.xltm,.xlam,.pptx,.pptm,.ppsx,.ppsm,.potx,.potm,.ppam,.sldx,.sldm,.onetoc,.onetoc2,.onetmp,.onepkg,.oxps,.xps,.odt,.odp,.ods,.odg,.odc,.odb,.odf,.wp,.wpd,.key,.numbers,.pages\" tabindex=\"-1\"><button id=\"forminator-field-upload-2_69fe0cd3dbe9a_button\" class=\"forminator-button forminator-button-upload\" data-id=\"forminator-field-upload-2_69fe0cd3dbe9a\">Choose File<\/button><span data-empty-text=\"No file chosen\">No file chosen<\/span><button class=\"forminator-button-delete\" style=\"display: none;\"><i class=\"forminator-icon-close\" aria-hidden=\"true\"><\/i><span class=\"forminator-screen-reader-only\">Delete uploaded file<\/span><\/button><\/div><\/div><\/div><\/div><input type=\"hidden\" name=\"referer_url\" value=\"\" \/><div class=\"forminator-row forminator-row-last\"><div class=\"forminator-col\"><div class=\"forminator-field\"><button class=\"forminator-button forminator-button-submit\"><span>Je candidate<\/span><span aria-hidden=\"true\"><\/span><\/button><\/div><\/div><\/div><input type=\"hidden\" id=\"forminator_nonce\" name=\"forminator_nonce\" value=\"2754e5ea1c\" \/><input type=\"hidden\" name=\"_wp_http_referer\" value=\"\/en\/wp-json\/wp\/v2\/pages\/30026\" \/><input type=\"hidden\" name=\"form_id\" value=\"19977\"><input type=\"hidden\" name=\"page_id\" value=\"30026\"><input type=\"hidden\" name=\"form_type\" value=\"default\"><input type=\"hidden\" name=\"current_url\" value=\"https:\/\/longtimelabel.com\/en\/join-longtime-form\/\"><input type=\"hidden\" name=\"render_id\" value=\"0\"><input type=\"hidden\" name=\"action\" value=\"forminator_submit_form_custom-forms\"><\/form>[\/et_pb_text][\/et_pb_column][\/et_pb_row][\/et_pb_section]<\/p>\n\n\n<span class=\"et_bloom_bottom_trigger\"><\/span>","protected":false},"excerpt":{"rendered":"<p>Join our Ethikis Ad Civis and LONGTIME\u00ae label teams.<div class=\"forminator-ui forminator-custom-form forminator-custom-form-19977 forminator-design--material  forminator_ajax\" data-forminator-render=\"1\" data-form=\"forminator-module-19977\" data-uid=\"69fe0cd441d9d\"><br\/><\/div><form\n\t\t\t\tid=\"forminator-module-19977\"\n\t\t\t\tclass=\"forminator-ui forminator-custom-form forminator-custom-form-19977 forminator-design--material  forminator_ajax\"\n\t\t\t\tmethod=\"post\"\n\t\t\t\tdata-forminator-render=\"1\"\n\t\t\t\tdata-form-id=\"19977\"\n\t\t\t\tenctype=\"multipart\/form-data\" data-color-option=\"default\" data-design=\"material\" data-grid=\"open\" style=\"display: none;\"\n\t\t\t\tdata-uid=\"69fe0cd441d9d\"\n\t\t\t><div role=\"alert\" aria-live=\"polite\" class=\"forminator-response-message forminator-error\" aria-hidden=\"true\"><\/div><div class=\"forminator-row\"><div id=\"html-1\" class=\"forminator-field-html forminator-col forminator-col-12 \"><div class=\"forminator-field forminator-merge-tags\" data-field=\"html-1\"><p>Bienvenue sur le formulaire de candidature Ethikis Ad Civis - Label LONGTIME\u00ae. Veuillez compl\u00e9ter ce formulaire, nous vous recontacterons apr\u00e8s \u00e9tude de votre profil. Merci !&nbsp;<\/p><\/div><\/div><\/div><div class=\"forminator-row\"><div id=\"text-1\" class=\"forminator-field-text forminator-col forminator-col-12 \"><div class=\"forminator-field\"><label for=\"forminator-field-text-1_69fe0cd441d9d\" id=\"forminator-field-text-1_69fe0cd441d9d-label\" class=\"forminator-label\">Nom du poste auquel vous postulez <span class=\"forminator-required\">*<\/span><\/label><input type=\"text\" name=\"text-1\" value=\"\" placeholder=\"Par exemple\u00a0: Quality Manager\" id=\"forminator-field-text-1_69fe0cd441d9d\" class=\"forminator-input forminator-name--field\" data-required=\"1\" \/><\/div><\/div><\/div><div class=\"forminator-row\"><div id=\"name-1\" class=\"forminator-field-name forminator-col forminator-col-6 \"><div class=\"forminator-field\"><label for=\"forminator-field-name-1_69fe0cd441d9d\" id=\"forminator-field-name-1_69fe0cd441d9d-label\" class=\"forminator-label\">Pr\u00e9nom<\/label><input type=\"text\" name=\"name-1\" value=\"\" placeholder=\"Par exemple\u00a0: Jean\" id=\"forminator-field-name-1_69fe0cd441d9d\" class=\"forminator-input forminator-name--field\" aria-required=\"false\" autocomplete=\"name\" \/><\/div><\/div><div id=\"name-2\" class=\"forminator-field-name forminator-col forminator-col-6 \"><div class=\"forminator-field\"><label for=\"forminator-field-name-2_69fe0cd441d9d\" id=\"forminator-field-name-2_69fe0cd441d9d-label\" class=\"forminator-label\">Nom <span class=\"forminator-required\">*<\/span><\/label><input type=\"text\" name=\"name-2\" value=\"\" placeholder=\"Par exemple\u00a0: Jacques Martin\" id=\"forminator-field-name-2_69fe0cd441d9d\" class=\"forminator-input forminator-name--field\" aria-required=\"true\" autocomplete=\"name\" \/><\/div><\/div><\/div><div class=\"forminator-row\"><div id=\"email-1\" class=\"forminator-field-email forminator-col forminator-col-6 \"><div class=\"forminator-field\"><label for=\"forminator-field-email-1_69fe0cd441d9d\" id=\"forminator-field-email-1_69fe0cd441d9d-label\" class=\"forminator-label\">Adresse de messagerie <span class=\"forminator-required\">*<\/span><\/label><input type=\"email\" name=\"email-1\" value=\"\" placeholder=\"Par exemple\u00a0: jacques@martin.com\" id=\"forminator-field-email-1_69fe0cd441d9d\" class=\"forminator-input forminator-email--field\" data-required=\"true\" aria-required=\"true\" autocomplete=\"email\" \/><\/div><\/div><div id=\"phone-1\" class=\"forminator-field-phone forminator-col forminator-col-6 \"><div class=\"forminator-field\"><label for=\"forminator-field-phone-1_69fe0cd441d9d\" id=\"forminator-field-phone-1_69fe0cd441d9d-label\" class=\"forminator-label\">Num\u00e9ro de t\u00e9l\u00e9phone <span class=\"forminator-required\">*<\/span><\/label><input type=\"text\" name=\"phone-1\" value=\"\" placeholder=\"Par exemple\u00a0: +1 02 03 04 05\" id=\"forminator-field-phone-1_69fe0cd441d9d\" class=\"forminator-input forminator-field--phone\" data-required=\"1\" aria-required=\"true\" autocomplete=\"off\" \/><\/div><\/div><\/div><div class=\"forminator-row\"><div id=\"upload-1\" class=\"forminator-field-upload forminator-col forminator-col-6 \"><div class=\"forminator-field\"><label for=\"forminator-field-upload-1_69fe0cd441d9d\" id=\"forminator-field-upload-1_69fe0cd441d9d-label\" class=\"forminator-label\">T\u00e9l\u00e9versez votre CV <span class=\"forminator-required\">*<\/span><\/label><div class=\"forminator-file-upload \" data-element=\"upload-1_69fe0cd441d9d\"><input type=\"file\" name=\"upload-1\" id=\"forminator-field-upload-1_69fe0cd441d9d\" class=\"forminator-input-file-required do-validate\" accept=\".jpg,.jpeg,.jpe,.gif,.png,.bmp,.tiff,.tif,.webp,.ico,.heic,.asf,.asx,.wmv,.wmx,.wm,.avi,.divx,.flv,.mov,.qt,.mpeg,.mpg,.mpe,.mp4,.m4v,.ogv,.webm,.mkv,.3gp,.3gpp,.3g2,.3gp2,.txt,.asc,.c,.cc,.h,.srt,.csv,.tsv,.ics,.rtx,.vtt,.mp3,.m4a,.m4b,.aac,.ra,.ram,.wav,.ogg,.oga,.flac,.mid,.midi,.wma,.wax,.mka,.rtf,.pdf,.class,.tar,.zip,.gz,.gzip,.7z,.psd,.xcf,.doc,.pot,.pps,.ppt,.wri,.xla,.xls,.xlt,.xlw,.mdb,.mpp,.docx,.docm,.dotx,.dotm,.xlsx,.xlsm,.xlsb,.xltx,.xltm,.xlam,.pptx,.pptm,.ppsx,.ppsm,.potx,.potm,.ppam,.sldx,.sldm,.onetoc,.onetoc2,.onetmp,.onepkg,.oxps,.xps,.odt,.odp,.ods,.odg,.odc,.odb,.odf,.wp,.wpd,.key,.numbers,.pages\" tabindex=\"-1\"><button id=\"forminator-field-upload-1_69fe0cd441d9d_button\" class=\"forminator-button forminator-button-upload\" data-id=\"forminator-field-upload-1_69fe0cd441d9d\">Choose File<\/button><span data-empty-text=\"No file chosen\">No file chosen<\/span><button class=\"forminator-button-delete\" style=\"display: none;\"><i class=\"forminator-icon-close\" aria-hidden=\"true\"><\/i><span class=\"forminator-screen-reader-only\">Delete uploaded file<\/span><\/button><\/div><\/div><\/div><div id=\"upload-2\" class=\"forminator-field-upload forminator-col forminator-col-6 \"><div class=\"forminator-field\"><label for=\"forminator-field-upload-2_69fe0cd441d9d\" id=\"forminator-field-upload-2_69fe0cd441d9d-label\" class=\"forminator-label\">T\u00e9l\u00e9versez votre lettre de motivation <span class=\"forminator-required\">*<\/span><\/label><div class=\"forminator-file-upload \" data-element=\"upload-2_69fe0cd441d9d\"><input type=\"file\" name=\"upload-2\" id=\"forminator-field-upload-2_69fe0cd441d9d\" class=\"forminator-input-file-required do-validate\" accept=\".jpg,.jpeg,.jpe,.gif,.png,.bmp,.tiff,.tif,.webp,.ico,.heic,.asf,.asx,.wmv,.wmx,.wm,.avi,.divx,.flv,.mov,.qt,.mpeg,.mpg,.mpe,.mp4,.m4v,.ogv,.webm,.mkv,.3gp,.3gpp,.3g2,.3gp2,.txt,.asc,.c,.cc,.h,.srt,.csv,.tsv,.ics,.rtx,.vtt,.mp3,.m4a,.m4b,.aac,.ra,.ram,.wav,.ogg,.oga,.flac,.mid,.midi,.wma,.wax,.mka,.rtf,.pdf,.class,.tar,.zip,.gz,.gzip,.7z,.psd,.xcf,.doc,.pot,.pps,.ppt,.wri,.xla,.xls,.xlt,.xlw,.mdb,.mpp,.docx,.docm,.dotx,.dotm,.xlsx,.xlsm,.xlsb,.xltx,.xltm,.xlam,.pptx,.pptm,.ppsx,.ppsm,.potx,.potm,.ppam,.sldx,.sldm,.onetoc,.onetoc2,.onetmp,.onepkg,.oxps,.xps,.odt,.odp,.ods,.odg,.odc,.odb,.odf,.wp,.wpd,.key,.numbers,.pages\" tabindex=\"-1\"><button id=\"forminator-field-upload-2_69fe0cd441d9d_button\" class=\"forminator-button forminator-button-upload\" data-id=\"forminator-field-upload-2_69fe0cd441d9d\">Choose File<\/button><span data-empty-text=\"No file chosen\">No file chosen<\/span><button class=\"forminator-button-delete\" style=\"display: none;\"><i class=\"forminator-icon-close\" aria-hidden=\"true\"><\/i><span class=\"forminator-screen-reader-only\">Delete uploaded file<\/span><\/button><\/div><\/div><\/div><\/div><input type=\"hidden\" name=\"referer_url\" value=\"\" \/><div class=\"forminator-row forminator-row-last\"><div class=\"forminator-col\"><div class=\"forminator-field\"><button class=\"forminator-button forminator-button-submit\"><span>Je candidate<\/span><span aria-hidden=\"true\"><\/span><\/button><\/div><\/div><\/div><input type=\"hidden\" id=\"forminator_nonce\" name=\"forminator_nonce\" value=\"2754e5ea1c\" \/><input type=\"hidden\" name=\"_wp_http_referer\" value=\"\/en\/wp-json\/wp\/v2\/pages\/30026\" \/><input type=\"hidden\" name=\"form_id\" value=\"19977\"><input type=\"hidden\" name=\"page_id\" value=\"30026\"><input type=\"hidden\" name=\"form_type\" value=\"default\"><input type=\"hidden\" name=\"current_url\" value=\"https:\/\/longtimelabel.com\/en\/join-longtime-form\/\"><input type=\"hidden\" name=\"render_id\" value=\"1\"><input type=\"hidden\" name=\"action\" value=\"forminator_submit_form_custom-forms\"><\/form><\/p>\n","protected":false},"author":1,"featured_media":0,"parent":0,"menu_order":0,"comment_status":"closed","ping_status":"closed","template":"","meta":{"_acf_changed":false,"_et_pb_use_builder":"on","_et_pb_old_content":"","_et_gb_content_width":"","footnotes":""},"class_list":["post-30026","page","type-page","status-publish","hentry"],"acf":[],"yoast_head":"<title>Join LONGTIME\u00ae form<\/title>\n<meta name=\"description\" content=\"Interested in joining the LONGTIME\u00ae label teams?\" \/>\n<meta name=\"robots\" content=\"index, follow, max-snippet:-1, max-image-preview:large, max-video-preview:-1\" \/>\n<link rel=\"canonical\" href=\"https:\/\/longtimelabel.com\/en\/join-longtime-form\/\" \/>\n<meta property=\"og:locale\" content=\"en_US\" \/>\n<meta property=\"og:type\" content=\"article\" \/>\n<meta property=\"og:title\" content=\"Join LONGTIME\u00ae form\" \/>\n<meta property=\"og:description\" content=\"Interested in joining the LONGTIME\u00ae label teams?\" \/>\n<meta property=\"og:site_name\" content=\"Le label qualit\u00e9 Longtime est l\u2019indicateur de r\u00e9f\u00e9rence pour consommer durable\" \/>\n<meta property=\"article:publisher\" content=\"https:\/\/www.facebook.com\/LongtimeEthikis\" \/>\n<meta property=\"article:modified_time\" content=\"2025-04-14T12:36:39+00:00\" \/>\n<meta name=\"twitter:card\" content=\"summary_large_image\" \/>\n<meta name=\"twitter:site\" content=\"@label_longtime\" \/>\n<meta name=\"twitter:label1\" content=\"Est. reading time\" \/>\n\t<meta name=\"twitter:data1\" content=\"1 minute\" \/>\n<script type=\"application\/ld+json\" class=\"yoast-schema-graph\">{\"@context\":\"https:\\\/\\\/schema.org\",\"@graph\":[{\"@type\":\"WebPage\",\"@id\":\"https:\\\/\\\/longtimelabel.com\\\/en\\\/join-longtime-form\\\/\",\"url\":\"https:\\\/\\\/longtimelabel.com\\\/en\\\/join-longtime-form\\\/\",\"name\":\"Join LONGTIME\u00ae form\",\"isPartOf\":{\"@id\":\"https:\\\/\\\/longtimelabel.com\\\/en\\\/#website\"},\"datePublished\":\"2025-04-14T12:36:33+00:00\",\"dateModified\":\"2025-04-14T12:36:39+00:00\",\"description\":\"Interested in joining the LONGTIME\u00ae label teams?\",\"breadcrumb\":{\"@id\":\"https:\\\/\\\/longtimelabel.com\\\/en\\\/join-longtime-form\\\/#breadcrumb\"},\"inLanguage\":\"en-US\",\"potentialAction\":[{\"@type\":\"ReadAction\",\"target\":[\"https:\\\/\\\/longtimelabel.com\\\/en\\\/join-longtime-form\\\/\"]}]},{\"@type\":\"BreadcrumbList\",\"@id\":\"https:\\\/\\\/longtimelabel.com\\\/en\\\/join-longtime-form\\\/#breadcrumb\",\"itemListElement\":[{\"@type\":\"ListItem\",\"position\":1,\"name\":\"Accueil\",\"item\":\"https:\\\/\\\/longtimelabel.com\\\/en\\\/longtime-the-label-for-products-designed-to-last\\\/\"},{\"@type\":\"ListItem\",\"position\":2,\"name\":\"Join LONGTIME\u00ae form\"}]},{\"@type\":\"WebSite\",\"@id\":\"https:\\\/\\\/longtimelabel.com\\\/en\\\/#website\",\"url\":\"https:\\\/\\\/longtimelabel.com\\\/en\\\/\",\"name\":\"Label LONGTIME\u00ae\",\"description\":\"\",\"publisher\":{\"@id\":\"https:\\\/\\\/longtimelabel.com\\\/en\\\/#organization\"},\"potentialAction\":[{\"@type\":\"SearchAction\",\"target\":{\"@type\":\"EntryPoint\",\"urlTemplate\":\"https:\\\/\\\/longtimelabel.com\\\/en\\\/?s={search_term_string}\"},\"query-input\":{\"@type\":\"PropertyValueSpecification\",\"valueRequired\":true,\"valueName\":\"search_term_string\"}}],\"inLanguage\":\"en-US\"},{\"@type\":\"Organization\",\"@id\":\"https:\\\/\\\/longtimelabel.com\\\/en\\\/#organization\",\"name\":\"LONGTIME Label\",\"url\":\"https:\\\/\\\/longtimelabel.com\\\/en\\\/\",\"logo\":{\"@type\":\"ImageObject\",\"inLanguage\":\"en-US\",\"@id\":\"https:\\\/\\\/longtimelabel.com\\\/en\\\/#\\\/schema\\\/logo\\\/image\\\/\",\"url\":\"https:\\\/\\\/longtimelabel.com\\\/wp-content\\\/uploads\\\/2023\\\/07\\\/Logo_com_Web_Bleu_RVB_Small.png\",\"contentUrl\":\"https:\\\/\\\/longtimelabel.com\\\/wp-content\\\/uploads\\\/2023\\\/07\\\/Logo_com_Web_Bleu_RVB_Small.png\",\"width\":709,\"height\":1276,\"caption\":\"LONGTIME Label\"},\"image\":{\"@id\":\"https:\\\/\\\/longtimelabel.com\\\/en\\\/#\\\/schema\\\/logo\\\/image\\\/\"},\"sameAs\":[\"https:\\\/\\\/www.facebook.com\\\/LongtimeEthikis\",\"https:\\\/\\\/x.com\\\/label_longtime\",\"https:\\\/\\\/www.linkedin.com\\\/company\\\/longtime-label\\\/\",\"https:\\\/\\\/www.instagram.com\\\/ethikis.civis\\\/\"]}]}<\/script>","yoast_head_json":{"title":"Join LONGTIME\u00ae form","description":"Interested in joining the LONGTIME\u00ae label teams?","robots":{"index":"index","follow":"follow","max-snippet":"max-snippet:-1","max-image-preview":"max-image-preview:large","max-video-preview":"max-video-preview:-1"},"canonical":"https:\/\/longtimelabel.com\/en\/join-longtime-form\/","og_locale":"en_US","og_type":"article","og_title":"Join LONGTIME\u00ae form","og_description":"Interested in joining the LONGTIME\u00ae label teams?","og_site_name":"Le label qualit\u00e9 Longtime est l\u2019indicateur de r\u00e9f\u00e9rence pour consommer durable","article_publisher":"https:\/\/www.facebook.com\/LongtimeEthikis","article_modified_time":"2025-04-14T12:36:39+00:00","twitter_card":"summary_large_image","twitter_site":"@label_longtime","twitter_misc":{"Est. reading time":"1 minute"},"schema":{"@context":"https:\/\/schema.org","@graph":[{"@type":"WebPage","@id":"https:\/\/longtimelabel.com\/en\/join-longtime-form\/","url":"https:\/\/longtimelabel.com\/en\/join-longtime-form\/","name":"Join LONGTIME\u00ae form","isPartOf":{"@id":"https:\/\/longtimelabel.com\/en\/#website"},"datePublished":"2025-04-14T12:36:33+00:00","dateModified":"2025-04-14T12:36:39+00:00","description":"Interested in joining the LONGTIME\u00ae label teams?","breadcrumb":{"@id":"https:\/\/longtimelabel.com\/en\/join-longtime-form\/#breadcrumb"},"inLanguage":"en-US","potentialAction":[{"@type":"ReadAction","target":["https:\/\/longtimelabel.com\/en\/join-longtime-form\/"]}]},{"@type":"BreadcrumbList","@id":"https:\/\/longtimelabel.com\/en\/join-longtime-form\/#breadcrumb","itemListElement":[{"@type":"ListItem","position":1,"name":"Accueil","item":"https:\/\/longtimelabel.com\/en\/longtime-the-label-for-products-designed-to-last\/"},{"@type":"ListItem","position":2,"name":"Join LONGTIME\u00ae form"}]},{"@type":"WebSite","@id":"https:\/\/longtimelabel.com\/en\/#website","url":"https:\/\/longtimelabel.com\/en\/","name":"Label LONGTIME\u00ae","description":"","publisher":{"@id":"https:\/\/longtimelabel.com\/en\/#organization"},"potentialAction":[{"@type":"SearchAction","target":{"@type":"EntryPoint","urlTemplate":"https:\/\/longtimelabel.com\/en\/?s={search_term_string}"},"query-input":{"@type":"PropertyValueSpecification","valueRequired":true,"valueName":"search_term_string"}}],"inLanguage":"en-US"},{"@type":"Organization","@id":"https:\/\/longtimelabel.com\/en\/#organization","name":"LONGTIME Label","url":"https:\/\/longtimelabel.com\/en\/","logo":{"@type":"ImageObject","inLanguage":"en-US","@id":"https:\/\/longtimelabel.com\/en\/#\/schema\/logo\/image\/","url":"https:\/\/longtimelabel.com\/wp-content\/uploads\/2023\/07\/Logo_com_Web_Bleu_RVB_Small.png","contentUrl":"https:\/\/longtimelabel.com\/wp-content\/uploads\/2023\/07\/Logo_com_Web_Bleu_RVB_Small.png","width":709,"height":1276,"caption":"LONGTIME Label"},"image":{"@id":"https:\/\/longtimelabel.com\/en\/#\/schema\/logo\/image\/"},"sameAs":["https:\/\/www.facebook.com\/LongtimeEthikis","https:\/\/x.com\/label_longtime","https:\/\/www.linkedin.com\/company\/longtime-label\/","https:\/\/www.instagram.com\/ethikis.civis\/"]}]}},"_links":{"self":[{"href":"https:\/\/longtimelabel.com\/en\/wp-json\/wp\/v2\/pages\/30026","targetHints":{"allow":["GET"]}}],"collection":[{"href":"https:\/\/longtimelabel.com\/en\/wp-json\/wp\/v2\/pages"}],"about":[{"href":"https:\/\/longtimelabel.com\/en\/wp-json\/wp\/v2\/types\/page"}],"author":[{"embeddable":true,"href":"https:\/\/longtimelabel.com\/en\/wp-json\/wp\/v2\/users\/1"}],"replies":[{"embeddable":true,"href":"https:\/\/longtimelabel.com\/en\/wp-json\/wp\/v2\/comments?post=30026"}],"version-history":[{"count":0,"href":"https:\/\/longtimelabel.com\/en\/wp-json\/wp\/v2\/pages\/30026\/revisions"}],"wp:attachment":[{"href":"https:\/\/longtimelabel.com\/en\/wp-json\/wp\/v2\/media?parent=30026"}],"curies":[{"name":"wp","href":"https:\/\/api.w.org\/{rel}","templated":true}]}}